{"id":77,"date":"2023-02-15T13:35:55","date_gmt":"2023-02-15T12:35:55","guid":{"rendered":"http:\/\/organicbazar.fr\/?page_id=77"},"modified":"2023-02-17T01:00:02","modified_gmt":"2023-02-17T00:00:02","slug":"presentation-de-la-technique","status":"publish","type":"page","link":"https:\/\/organicbazar.fr\/index.php\/presentation-de-la-technique\/","title":{"rendered":"Pr\u00e9sentation"},"content":{"rendered":"\n<p>Le th\u00e9\u00e2tre-forum est une technique cr\u00e9\u00e9e par Augusto Boal, homme de th\u00e9\u00e2tre br\u00e9silien, qui avait la conviction que le th\u00e9\u00e2tre ne doit pas se contenter de montrer la r\u00e9alit\u00e9 et l\u2019interpr\u00e9ter, mais doit contribuer \u00e0 la changer.<\/p>\n\n\n\n<p>La cr\u00e9ation de th\u00e9\u00e2tre-forum se fait \u00e0 partir de situations concr\u00e8tes \u00e9prouv\u00e9es par les participants, le groupe \u00e9labore avec le soutien du joker (nom donn\u00e9 au metteur en sc\u00e8ne de th\u00e9\u00e2tre forum) des sc\u00e8nes du quotidien mettant en \u00e9vidence les dysfonctionnements, les injustices, les freins \u00e0 la volont\u00e9 de changement, les rapports de domination contenus dans les relations sociales.<\/p>\n\n\n\n<p>La repr\u00e9sentation de th\u00e9\u00e2tre-forum est un temps de d\u00e9bat ou chacun.e.s peut venir mettre en action son point de vue sur la situation et ses propositions de changements.<\/p>\n\n\n\n<p>Ce mode d&#8217;approche des probl\u00e9matiques sociales facilite les \u00e9changes entre les personnes concern\u00e9es et permet de chercher collectivement des pistes de changement et d&#8217;am\u00e9lioration de la r\u00e9alit\u00e9.<\/p>\n\n\n\n<p>\u00c9couter la pr\u00e9sentation du Th\u00e9\u00e2tre de l\u2019Opprim\u00e9 par Augusto Boal lors de l&#8217;atelier \u00ab Th\u00e9\u00e2tre l\u00e9gislatif \u00bb dans le cadre du festival \u00ab Le Plus beau th\u00e9\u00e2tre du monde \u00bb, 17 juillet 2005 \u00e0 St \u00c9tienne-les-Orgues (04230)<\/p>\n\n\n\n<p> <a href=\"https:\/\/www.dailymotion.com\/video\/x3jy9rd\">https:\/\/www.dailymotion.com\/video\/x3jy9rd<\/a><\/p>\n\n\n\n<p>Le th\u00e9\u00e2tre-forum dans son concept m\u00eame et par la dynamique qu&#8217;il produit se r\u00e9v\u00e8le \u00eatre un formidable outil d&#8217;analyse, d&#8217;\u00e9laboration et de formation. Cette m\u00e9thode permet d&#8217;aborder toutes les probl\u00e9matiques de la soci\u00e9t\u00e9 avec des groupes de tous horizons (jeunes, parents, professionnels, etc&#8230;). <\/p>\n\n\n\n<p>Plusieurs r\u00e9alisations sont possibles dans des domaines et contextes diff\u00e9rents :<\/p>\n\n\n\n<ul class=\"wp-block-list\">\n<li>avec des acteurs et des non-acteurs<\/li>\n\n\n\n<li>des cr\u00e9ations &#8220;sur-mesure&#8221; r\u00e9pondant \u00e0 des probl\u00e9matiques donn\u00e9es<\/li>\n\n\n\n<li>des r\u00e9alisations p\u00e9rennes dans le domaine de la pr\u00e9vention<\/li>\n<\/ul>\n\n\n\n<p> Olivier Bernaux s&#8217;est form\u00e9 aupr\u00e8s d&#8217;Anne-Yvonne Kervern et la compagnie H\u00f4tel de la Plage. D&#8217;abord en tant qu&#8217;acteur, puis \u00e0 ses c\u00f4t\u00e9s pour l&#8217;\u00e9criture, la mise en sc\u00e8ne et la formation. Il exerce aujourd&#8217;hui la fonction de joker pour Organic Bazar.<\/p>\n","protected":false},"excerpt":{"rendered":"<p>Le th\u00e9\u00e2tre-forum est une technique cr\u00e9\u00e9e par Augusto Boal, homme de th\u00e9\u00e2tre br\u00e9silien, qui avait la conviction que le th\u00e9\u00e2tre ne doit pas se contenter &hellip;<\/p>\n","protected":false},"author":1,"featured_media":0,"parent":0,"menu_order":0,"comment_status":"closed","ping_status":"closed","template":"","meta":{"footnotes":""},"class_list":["post-77","page","type-page","status-publish","hentry"],"_links":{"self":[{"href":"https:\/\/organicbazar.fr\/index.php\/wp-json\/wp\/v2\/pages\/77","targetHints":{"allow":["GET"]}}],"collection":[{"href":"https:\/\/organicbazar.fr\/index.php\/wp-json\/wp\/v2\/pages"}],"about":[{"href":"https:\/\/organicbazar.fr\/index.php\/wp-json\/wp\/v2\/types\/page"}],"author":[{"embeddable":true,"href":"https:\/\/organicbazar.fr\/index.php\/wp-json\/wp\/v2\/users\/1"}],"replies":[{"embeddable":true,"href":"https:\/\/organicbazar.fr\/index.php\/wp-json\/wp\/v2\/comments?post=77"}],"version-history":[{"count":5,"href":"https:\/\/organicbazar.fr\/index.php\/wp-json\/wp\/v2\/pages\/77\/revisions"}],"predecessor-version":[{"id":120,"href":"https:\/\/organicbazar.fr\/index.php\/wp-json\/wp\/v2\/pages\/77\/revisions\/120"}],"wp:attachment":[{"href":"https:\/\/organicbazar.fr\/index.php\/wp-json\/wp\/v2\/media?parent=77"}],"curies":[{"name":"wp","href":"https:\/\/api.w.org\/{rel}","templated":true}]}}