{"id":55,"date":"2023-02-13T18:14:37","date_gmt":"2023-02-13T17:14:37","guid":{"rendered":"http:\/\/organicbazar.fr\/?page_id=55"},"modified":"2023-02-13T18:27:38","modified_gmt":"2023-02-13T17:27:38","slug":"mais-enfin","status":"publish","type":"page","link":"https:\/\/organicbazar.fr\/index.php\/mais-enfin\/","title":{"rendered":"Mais Enfin !?&#8230;"},"content":{"rendered":"\n<p>\u2026<strong>Un outil de pr\u00e9vention<\/strong><\/p>\n\n\n\n<p>L\u2019exp\u00e9rience de l\u2019\u00e9quipe artistique aupr\u00e8s des adolescents lui a apport\u00e9 une r\u00e9elle connaissance de leurs pr\u00e9occupations, de leur besoin d&#8217;en d\u00e9battre entre eux et avec les adultes. Ceci l&#8217;a amen\u00e9 \u00e0 construire un outil de pr\u00e9vention et de r\u00e9flexion sur les conduites \u00e0 risques, document\u00e9 et empirique&nbsp;:<\/p>\n\n\n\n<p>Ce spectacle se d\u00e9finit comme un outil de pr\u00e9vention \u00e9volutif et interactif caract\u00e9ris\u00e9 par la volont\u00e9 :<\/p>\n\n\n\n<p>\u2022 D\u2019inscrire les conduites \u00e0 risques dans la question plus globale de l&#8217;adolescence.<\/p>\n\n\n\n<p>\u2022 D\u2019agir sur les relations entre les jeunes et leur entourage.<\/p>\n\n\n\n<p>Vous pourrez avoir un aper\u00e7u en image en cliquant ici : <a href=\"https:\/\/vimeo.com\/336209778\" data-type=\"URL\" data-id=\"https:\/\/vimeo.com\/336209778\">https:\/\/vimeo.com\/336209778<\/a><\/p>\n\n\n\n<p>Ce th\u00e9\u00e2tre forum a re\u00e7u le soutien du CG22 et depuis septembre <strong>2018<\/strong>, fait parti du dispositif <em><strong>Th\u00e9\u00e2tre au Coll\u00e8ge<\/strong><\/em> de Charente-Maritime. Plusieurs structures l&#8217;ont int\u00e9gr\u00e9 de fa\u00e7on p\u00e9renne dans leur programme de pr\u00e9vention.<\/p>\n\n\n\n<p>La plaquette du spectacle \u00e0 t\u00e9l\u00e9charger.<\/p>\n\n\n\n<div data-wp-interactive=\"core\/file\" class=\"wp-block-file\"><object data-wp-bind--hidden=\"!state.hasPdfPreview\" hidden class=\"wp-block-file__embed\" data=\"http:\/\/organicbazar.fr\/wp-content\/uploads\/2023\/02\/Mais-enfin-plaquette-2019.pdf\" type=\"application\/pdf\" style=\"width:100%;height:260px\" aria-label=\"Embed of Mais-enfin-plaquette-2019.\"><\/object><a id=\"wp-block-file--media-cc62ef53-e322-4fc2-9d6b-c3d60a3b98e3\" href=\"http:\/\/organicbazar.fr\/wp-content\/uploads\/2023\/02\/Mais-enfin-plaquette-2019.pdf\">Mais-enfin-plaquette-2019<\/a><a href=\"http:\/\/organicbazar.fr\/wp-content\/uploads\/2023\/02\/Mais-enfin-plaquette-2019.pdf\" class=\"wp-block-file__button wp-element-button\" download aria-describedby=\"wp-block-file--media-cc62ef53-e322-4fc2-9d6b-c3d60a3b98e3\">T\u00e9l\u00e9charger<\/a><\/div>\n\n\n\n<p><\/p>\n","protected":false},"excerpt":{"rendered":"<p>\u2026Un outil de pr\u00e9vention L\u2019exp\u00e9rience de l\u2019\u00e9quipe artistique aupr\u00e8s des adolescents lui a apport\u00e9 une r\u00e9elle connaissance de leurs pr\u00e9occupations, de leur besoin d&#8217;en d\u00e9battre &hellip;<\/p>\n","protected":false},"author":1,"featured_media":0,"parent":0,"menu_order":0,"comment_status":"closed","ping_status":"closed","template":"","meta":{"footnotes":""},"class_list":["post-55","page","type-page","status-publish","hentry"],"_links":{"self":[{"href":"https:\/\/organicbazar.fr\/index.php\/wp-json\/wp\/v2\/pages\/55","targetHints":{"allow":["GET"]}}],"collection":[{"href":"https:\/\/organicbazar.fr\/index.php\/wp-json\/wp\/v2\/pages"}],"about":[{"href":"https:\/\/organicbazar.fr\/index.php\/wp-json\/wp\/v2\/types\/page"}],"author":[{"embeddable":true,"href":"https:\/\/organicbazar.fr\/index.php\/wp-json\/wp\/v2\/users\/1"}],"replies":[{"embeddable":true,"href":"https:\/\/organicbazar.fr\/index.php\/wp-json\/wp\/v2\/comments?post=55"}],"version-history":[{"count":2,"href":"https:\/\/organicbazar.fr\/index.php\/wp-json\/wp\/v2\/pages\/55\/revisions"}],"predecessor-version":[{"id":61,"href":"https:\/\/organicbazar.fr\/index.php\/wp-json\/wp\/v2\/pages\/55\/revisions\/61"}],"wp:attachment":[{"href":"https:\/\/organicbazar.fr\/index.php\/wp-json\/wp\/v2\/media?parent=55"}],"curies":[{"name":"wp","href":"https:\/\/api.w.org\/{rel}","templated":true}]}}