{"id":208,"date":"2023-03-13T19:46:53","date_gmt":"2023-03-13T18:46:53","guid":{"rendered":"http:\/\/organicbazar.fr\/?page_id=208"},"modified":"2025-03-13T11:45:40","modified_gmt":"2025-03-13T10:45:40","slug":"par-ci-par-la-paroles","status":"publish","type":"page","link":"https:\/\/organicbazar.fr\/index.php\/par-ci-par-la-paroles\/","title":{"rendered":"Par-ci, par-l\u00e0, Paroles&#8230;"},"content":{"rendered":"\n<div class=\"wp-block-columns is-layout-flex wp-container-core-columns-is-layout-9d6595d7 wp-block-columns-is-layout-flex\">\n<div class=\"wp-block-column is-layout-flow wp-block-column-is-layout-flow\" style=\"flex-basis:60%\">\n<figure class=\"wp-block-image size-large\"><img loading=\"lazy\" decoding=\"async\" width=\"1024\" height=\"768\" src=\"http:\/\/organicbazar.fr\/wp-content\/uploads\/2024\/07\/affiche-paroles-1ere-3-pdf-1024x768.jpg\" alt=\"\" class=\"wp-image-274\"\/><\/figure>\n\n\n\n<figure class=\"wp-block-image size-full is-resized\"><img loading=\"lazy\" decoding=\"async\" width=\"640\" height=\"425\" src=\"http:\/\/organicbazar.fr\/wp-content\/uploads\/2025\/03\/photo-Elliot.jpg\" alt=\"\" class=\"wp-image-280\" style=\"width:675px;height:auto\" srcset=\"https:\/\/organicbazar.fr\/wp-content\/uploads\/2025\/03\/photo-Elliot.jpg 640w, https:\/\/organicbazar.fr\/wp-content\/uploads\/2025\/03\/photo-Elliot-300x199.jpg 300w, https:\/\/organicbazar.fr\/wp-content\/uploads\/2025\/03\/photo-Elliot-452x300.jpg 452w\" sizes=\"auto, (max-width: 640px) 100vw, 640px\" \/><\/figure>\n<\/div>\n\n\n\n<div class=\"wp-block-column is-layout-flow wp-block-column-is-layout-flow\" style=\"flex-basis:70%\">\n<p class=\"has-large-font-size\">Un hangar, un entrep\u00f4t, la cale d\u2019un paquebot&#8230;<\/p>\n\n\n\n<p class=\"has-large-font-size\">Sorti d&#8217;on ne sait o\u00f9, Elliot, une t\u00eate de bois, prend la parole et nous livre des mots \u00e9gar\u00e9s&#8230;<\/p>\n\n\n\n<p class=\"has-large-font-size\">Quelques paroles entre nous, de vous \u00e0 moi et de moi \u00e0 vous, en vis \u00e0 vis&#8230;<\/p>\n\n\n\n<p class=\"has-large-font-size\">Des paroles d&#8217;hommes d\u00e9livr\u00e9es par-ci par-l\u00e0&#8230;<\/p>\n\n\n\n<p class=\"has-large-font-size\">Paroles de la rue, paroles de la vie, po\u00e8mes de notre enfance&#8230; <\/p>\n\n\n\n<p class=\"has-large-font-size\">Ceux qu\u2019on apprit jadis \u00e0 l\u2019\u00e9cole et qui r\u00e9sonnent si fort aujourd\u2019hui\u2026 <\/p>\n\n\n\n<p class=\"has-large-font-size\">Elliot s&#8217;empare de ces textes pour rendre en musique et en voix leur libert\u00e9 aux paroles d&#8217;un po\u00e8te : Jacques Pr\u00e9vert\u2026<\/p>\n<\/div>\n<\/div>\n","protected":false},"excerpt":{"rendered":"<p>Un hangar, un entrep\u00f4t, la cale d\u2019un paquebot&#8230; Sorti d&#8217;on ne sait o\u00f9, Elliot, une t\u00eate de bois, prend la parole et nous livre des &hellip;<\/p>\n","protected":false},"author":1,"featured_media":0,"parent":0,"menu_order":0,"comment_status":"closed","ping_status":"closed","template":"","meta":{"footnotes":""},"class_list":["post-208","page","type-page","status-publish","hentry"],"_links":{"self":[{"href":"https:\/\/organicbazar.fr\/index.php\/wp-json\/wp\/v2\/pages\/208","targetHints":{"allow":["GET"]}}],"collection":[{"href":"https:\/\/organicbazar.fr\/index.php\/wp-json\/wp\/v2\/pages"}],"about":[{"href":"https:\/\/organicbazar.fr\/index.php\/wp-json\/wp\/v2\/types\/page"}],"author":[{"embeddable":true,"href":"https:\/\/organicbazar.fr\/index.php\/wp-json\/wp\/v2\/users\/1"}],"replies":[{"embeddable":true,"href":"https:\/\/organicbazar.fr\/index.php\/wp-json\/wp\/v2\/comments?post=208"}],"version-history":[{"count":8,"href":"https:\/\/organicbazar.fr\/index.php\/wp-json\/wp\/v2\/pages\/208\/revisions"}],"predecessor-version":[{"id":286,"href":"https:\/\/organicbazar.fr\/index.php\/wp-json\/wp\/v2\/pages\/208\/revisions\/286"}],"wp:attachment":[{"href":"https:\/\/organicbazar.fr\/index.php\/wp-json\/wp\/v2\/media?parent=208"}],"curies":[{"name":"wp","href":"https:\/\/api.w.org\/{rel}","templated":true}]}}